{"id":19247,"date":"2016-07-06T15:22:44","date_gmt":"2016-07-06T13:22:44","guid":{"rendered":"http:\/\/www.laresidenza.eu\/?page_id=19247&#038;lang=de"},"modified":"2016-07-06T15:22:44","modified_gmt":"2016-07-06T13:22:44","slug":"haftungsausschluss-offenlegung-cookies","status":"publish","type":"page","link":"https:\/\/www.laresidenza.eu\/de\/haftungsausschluss-offenlegung-cookies\/","title":{"rendered":"Haftungsausschluss Offenlegung Cookies"},"content":{"rendered":"<section class=\"wpb-content-wrapper\"><p>[vc_row row_type=&#8220;row&#8220; use_row_as_full_screen_section=&#8220;no&#8220; type=&#8220;grid&#8220; angled_section=&#8220;no&#8220; text_align=&#8220;left&#8220; background_image_as_pattern=&#8220;without_pattern&#8220; padding_top=&#8220;87&#8243; padding_bottom=&#8220;0&#8243; css_animation=&#8220;&#8220;][vc_column][vc_column_text]<\/p>\n<h2 style=\"text-align: center;\">Informative verwenden Cookies Google Analytics und Google Map<\/h2>\n<p>[\/vc_column_text][vc_separator type=&#8220;small&#8220; position=&#8220;center&#8220; up=&#8220;7&#8243; down=&#8220;38&#8243;][vc_row_inner row_type=&#8220;row&#8220; type=&#8220;grid&#8220; text_align=&#8220;left&#8220; css_animation=&#8220;&#8220;][vc_column_inner width=&#8220;1\/6&#8243;]<br \/>\n[\/vc_column_inner][vc_column_inner width=&#8220;2\/3&#8243;][vc_separator type=&#8220;transparent&#8220; up=&#8220;1&#8243; down=&#8220;0&#8243;][vc_column_text]<\/p>\n<h3 style=\"text-align: center;\">Informationen \u00fcber die Verwendung von Cookies zur Verfolgung Zugriff auf Ihre Website<\/h3>\n<p>&nbsp;<\/p>\n<p>Diese Website, die von Viasetti Studie von Brescia erstellt, benutzt Google Analytics, einen Webanalysedienst der Google Inc. (&#8222;Google&#8220;). Google Analytics verwendet &#8222;Cookies&#8220;, die Website eine Analyse der Benutzung der Website.<br \/>\nDie Informationen durch den Cookie \u00fcber Ihre Nutzung der Website von Nutzern erzeugt wird und einen Server von Google in den USA \u00fcbertragen und dort gespeichert.<br \/>\nGoogle wird diese Informationen benutzen, um Ihre Nutzung der Website zu \u00fcberwachen, um Reports \u00fcber die Websiteaktivit\u00e4ten f\u00fcr die Websitebetreiber zusammenzustellen und um weitere Dienstleistungen zu erbringen Website-Aktivit\u00e4ten und Internetnutzung .<br \/>\nGoogle wird in keinem Fall Ihre IP-Adresse mit anderen Daten in seinem Besitz in Verbindung bringen.<br \/>\nDurch die Nutzung dieser Website erkl\u00e4ren Sie sich mit der Verarbeitung von Daten durch Google in der Art und Weise und die zuvor benannten Zweck einverstanden<\/p>\n<p>&nbsp;<\/p>\n<h3 style=\"text-align: center;\">Wie Cookies deaktivieren<\/h3>\n<p>&nbsp;<\/p>\n<p><strong>Wie die Verwendung von Cookies zu verhindern und zu deaktivieren<\/strong><\/p>\n<p>Wenn Sie die Verwendung von Cookies zu beseitigen, k\u00f6nnen Sie nicht einige Funktionen haben Sie navigieren m\u00fcssen. Wir informieren Sie, dass der Benutzer jederzeit durch \u00c4nderung der Konfiguration Ihres Navigations Browser die Verwendung von Cookies auf Ihrem Computer deaktivieren. Die Verfahren h\u00e4ngen von dem Browser verwendet und sind in der Hilfe des gleichen Men\u00fc beschrieben.<br \/>\nDie Tabelle, die Optionen unten, zu aktivieren \/ deaktivieren Sie die Verwendung von Cookies f\u00fcr die g\u00e4ngigsten Browser:<\/p>\n<ul>\n<li>Internet Explorer<br \/>\nMen\u00fc: Extras \/ Internetoptionen<br \/>\nRegisterkarte &#8222;Datenschutz&#8220; und dann auf &#8222;Sites&#8220; in der Adresse der Website, geben Sie die vollst\u00e4ndige Adresse (URL) der Website, die die Parameter der Privatsph\u00e4re anpassen will:<br \/>\nUm die Registrierung von Cookies von der Website in Frage auf Ihrem Computer aktivieren, klicken Sie auf Autorisieren;<br \/>\nUm die Aufnahme von Cookies von der Website in Frage auf Ihrem Computer zu verhindern, klicken Sie auf Blockieren.<\/li>\n<li>Safari<br \/>\nEinstellungen: Registerkarte Datenschutz und konfigurieren, dass Cookies<\/li>\n<li>Chrom<br \/>\nKlicken Sie auf das Symbol der Einstellungen, die auf dem Browser-Tool ist: Parameter bar; Klicken Sie auf Anzeigen Erweiterte Einstellungen.<br \/>\nIm Bereich &#8222;Datenschutz&#8220; finden Sie in den Inhalt Parameter.<br \/>\nIn den &#8222;Cookies&#8220; k\u00f6nnen die folgenden Parameter \u00e4ndern: Cookies l\u00f6schen, Block Cookies standardm\u00e4\u00dfig Cookies zulassen standardm\u00e4\u00dfig definierte Ausnahmen f\u00fcr Cookies von bestimmten Websites oder Dom\u00e4nen.<\/li>\n<li>Firefox<br \/>\nKlicken Sie auf Extras und dann auf Optionen.<br \/>\nRegisterkarte Datenschutz: in der Geschichte Einstellungen \u00dcberschrift, w\u00e4hlen Sie &#8222;Benutzerdefinierte Einstellungen verwenden&#8220;. Aktivieren Sie die Option &#8222;Cookies akzeptieren&#8220; und klicken Sie auf Ausnahmen Websites zu w\u00e4hlen, die immer genehmigen oder nicht in Bezug auf die Installation von Cookies auf seinem Endger\u00e4t.<\/li>\n<li>Arbeit<br \/>\nEinstellungen &amp; gt; Advanced &amp; gt; Pl\u00e4tzchen<br \/>\nDie Cookie-Einstellungen k\u00f6nnen Sie die Art und Weise steuern Opera mit Cookies umgeht. Die Standardeinstellung sieht die Annahme aller Cookies.<\/li>\n<\/ul>\n<p>&nbsp;<\/p>\n<h3 style=\"text-align: center;\">Datenschutz und pers\u00f6nliche Daten<\/h3>\n<p>&nbsp;<\/p>\n<p><strong>Angaben gem\u00e4\u00df Artikel 13 des Gesetzesverordnung Nr.196 \/ 03 und sp\u00e4tere \u00c4nderungen<\/strong><\/p>\n<p>Die Verarbeitung personenbezogener Daten werden von uns auf der Grundlage der Zugriff auf die Seiten dieser Website durchgef\u00fchrt .<br \/>\nDie E-Mails empfangen werden, werden stattdessen auf Passwort-gesch\u00fctzten Computern gespeichert werden, eine Firewall und Anti-Virus-Software st\u00e4ndig aktualisiert werden, unbeschadet der Absender die M\u00f6glichkeit, alle Rechte durch das Gesetzesdekret 30.6.2003 n vorgesehen auszu\u00fcben. 196 und insbesondere wissen, welche Daten im Archiv gespeichert sind, und die \u00c4nderung oder L\u00f6schung zu erhalten.<br \/>\nDie sensiblen Daten der Nutzer werden jedoch nicht an andere Unternehmen weitergegeben werden, ver\u00f6ffentlicht oder an Dritte weitergegeben, es sei denn mit der Erlaubnis der Betroffenen.<br \/>\nVerantwortlich f\u00fcr die Datenverarbeitung ist La Residenza. &#8211; Platz Riscossa, 16 &#8211; CH 6900 Castagnola &#8211; Lugano &#8211; Schweiz.<\/p>\n<p>&nbsp;<\/p>\n<h3>Google Analytics<\/h3>\n<p>&nbsp;<\/p>\n<p><strong>Informationen \u00fcber die \u00dcberwachung der Zugriff auf die Website<\/strong><br \/>\nDiese Website benutzt Google Analytics, einen Webanalysedienst der Google Inc. ( &#8222;Google&#8220;).<br \/>\nGoogle Analytics verwendet &#8222;Cookies&#8220;, Textdateien, die auf Ihrem Computer gespeichert werden, um die Website zu helfen, eine Analyse der Benutzung der Website.<br \/>\nDie Informationen, die durch den Cookie erzeugten Informationen \u00fcber Ihre Benutzung der Website durch Sie wird von Google auf Servern in den USA \u00fcbertragen und dort gespeichert.<br \/>\nGoogle wird diese Informationen zum Zwecke der Nutzung der Website auszuwerten, um Reports \u00fcber die Websiteaktivit\u00e4ten f\u00fcr die Websitebetreiber zusammenzustellen und um weitere Dienstleistungen zu erbringen Website-Aktivit\u00e4ten und Internetnutzung.<br \/>\nAuch wird Google diese Informationen an Dritte \u00fcbertragen, sofern dies gesetzlich vorgeschrieben oder soweit Dritte diese Daten im Auftrag von Google verarbeiten.<br \/>\nGoogle wird in keinem Fall Ihre IP-Adresse mit anderen Daten von Google in Verbindung bringen.<br \/>\nSie k\u00f6nnen die Installation der Cookies durch eine entsprechende Einstellung Ihrer Browser-Software, aber das kann verhindern, dass Sie alle Funktionen dieser Website nutzen.<br \/>\nDurch die Nutzung dieser Website erkl\u00e4ren Sie sich mit der Bearbeitung der Daten durch Google in der Art und Weise und die festgelegten Zwecke oben.<\/p>\n<p>&nbsp;<\/p>\n<h3>Dementi<\/h3>\n<p>W\u00e4hrend wir die gr\u00f6\u00dfte Sorgfalt bei der Herstellung der Informationen auf dieser Website zur Verf\u00fcgung gestellt genommen haben nehmen wir keine Verantwortung f\u00fcr Fehler oder Ungenauigkeiten.[\/vc_column_text][vc_separator type=&#8220;transparent&#8220; up=&#8220;93&#8243; down=&#8220;0&#8243;][\/vc_column_inner][vc_column_inner width=&#8220;1\/6&#8243;]<br \/>\n[\/vc_column_inner][\/vc_row_inner][\/vc_column][\/vc_row]<\/p>\n<\/section>","protected":false},"excerpt":{"rendered":"<p>[vc_row row_type=&#8220;row&#8220; use_row_as_full_screen_section=&#8220;no&#8220; type=&#8220;grid&#8220; angled_section=&#8220;no&#8220; text_align=&#8220;left&#8220; background_image_as_pattern=&#8220;without_pattern&#8220; padding_top=&#8220;87&#8243; padding_bottom=&#8220;0&#8243; css_animation=&#8220;&#8220;][vc_column][vc_column_text] Informative verwenden Cookies Google Analytics und Google Map [\/vc_column_text][vc_separator type=&#8220;small&#8220; position=&#8220;center&#8220; up=&#8220;7&#8243; down=&#8220;38&#8243;][vc_row_inner row_type=&#8220;row&#8220; type=&#8220;grid&#8220; text_align=&#8220;left&#8220; css_animation=&#8220;&#8220;][vc_column_inner width=&#8220;1\/6&#8243;] [\/vc_column_inner][vc_column_inner width=&#8220;2\/3&#8243;][vc_separator type=&#8220;transparent&#8220; up=&#8220;1&#8243; down=&#8220;0&#8243;][vc_column_text] Informationen \u00fcber die Verwendung von Cookies zur Verfolgung Zugriff auf Ihre Website&#8230;<\/p>\n","protected":false},"author":1,"featured_media":0,"parent":0,"menu_order":0,"comment_status":"closed","ping_status":"closed","template":"full_width.php","meta":[],"aioseo_notices":[],"_links":{"self":[{"href":"https:\/\/www.laresidenza.eu\/de\/wp-json\/wp\/v2\/pages\/19247"}],"collection":[{"href":"https:\/\/www.laresidenza.eu\/de\/wp-json\/wp\/v2\/pages"}],"about":[{"href":"https:\/\/www.laresidenza.eu\/de\/wp-json\/wp\/v2\/types\/page"}],"author":[{"embeddable":true,"href":"https:\/\/www.laresidenza.eu\/de\/wp-json\/wp\/v2\/users\/1"}],"replies":[{"embeddable":true,"href":"https:\/\/www.laresidenza.eu\/de\/wp-json\/wp\/v2\/comments?post=19247"}],"version-history":[{"count":0,"href":"https:\/\/www.laresidenza.eu\/de\/wp-json\/wp\/v2\/pages\/19247\/revisions"}],"wp:attachment":[{"href":"https:\/\/www.laresidenza.eu\/de\/wp-json\/wp\/v2\/media?parent=19247"}],"curies":[{"name":"wp","href":"https:\/\/api.w.org\/{rel}","templated":true}]}}